{"id":522,"date":"2023-05-08T07:46:34","date_gmt":"2023-05-08T07:46:34","guid":{"rendered":"https:\/\/romantic-swirles.82-223-24-58.plesk.page\/?page_id=522"},"modified":"2023-05-24T06:36:15","modified_gmt":"2023-05-24T06:36:15","slug":"aviso-legal","status":"publish","type":"page","link":"https:\/\/emeiemesport.com\/index.php\/aviso-legal\/","title":{"rendered":"AVISO LEGAL"},"content":{"rendered":"<p>[et_pb_section fb_built=\u00bb1&#8243; admin_label=\u00bbsection\u00bb _builder_version=\u00bb4.21.0&#8243; hover_enabled=\u00bb0&#8243; global_colors_info=\u00bb{}\u00bb background_color=\u00bb#FFFFFF\u00bb sticky_enabled=\u00bb0&#8243; background_color_gradient_stops=\u00bb#ffffff 0%|#ffffff 1%|#fcfcfc 99%\u00bb][et_pb_row admin_label=\u00bbrow\u00bb _builder_version=\u00bb4.16&#8243; background_size=\u00bbinitial\u00bb background_position=\u00bbtop_left\u00bb background_repeat=\u00bbrepeat\u00bb global_colors_info=\u00bb{}\u00bb][et_pb_column type=\u00bb4_4&#8243; _builder_version=\u00bb4.16&#8243; custom_padding=\u00bb|||\u00bb global_colors_info=\u00bb{}\u00bb custom_padding__hover=\u00bb|||\u00bb][et_pb_text admin_label=\u00bbText\u00bb _builder_version=\u00bb4.16&#8243; background_size=\u00bbinitial\u00bb background_position=\u00bbtop_left\u00bb background_repeat=\u00bbrepeat\u00bb global_colors_info=\u00bb{}\u00bb]<!-- divi:heading --><\/p>\n<h2 class=\"wp-block-heading\">Identificaci\u00f3n<strong>&nbsp;y Titularidad<\/strong><\/h2>\n<p><!-- \/divi:heading --><\/p>\n<p><!-- divi:paragraph --><\/p>\n<p>Para obtener m\u00e1s informaci\u00f3n sobre c\u00f3mo usamos estos y sus opciones en relaci\u00f3n con estos seguimientos<br \/>tecnolog\u00edas, consulte nuestra Pol\u00edtica de cookies.<\/p>\n<p><!-- \/divi:paragraph --><\/p>\n<p><!-- divi:paragraph --><\/p>\n<p><strong>Seguridad:<\/strong><br \/>La seguridad de su informaci\u00f3n es importante para nosotros y utilizaremos medidas de seguridad razonables.<br \/>medidas para evitar la p\u00e9rdida, mal uso o alteraci\u00f3n no autorizada de su informaci\u00f3n bajo nuestro<br \/>control. Sin embargo, dados los riesgos inherentes, no podemos garantizar la seguridad absoluta y<br \/>en consecuencia, no podemos garantizar ni garantizar la seguridad de la informaci\u00f3n que nos transmita<br \/>y lo haces bajo tu propio riesgo.<\/p>\n<p><!-- \/divi:paragraph --><\/p>\n<p><!-- divi:paragraph --><\/p>\n<p><strong>Responsable de Quejas\/Protecci\u00f3n de Datos:<\/strong><br \/>Si tiene alguna consulta o inquietud sobre el procesamiento de su informaci\u00f3n que est\u00e1 disponible<br \/>con nosotros, puede enviar un correo electr\u00f3nico a nuestro oficial de quejas en  EME I EME SPORT, Doctor Truela 179, 2o 6a<br \/>08005 Barcelona, ES email: info@emeimemesport.com. Abordaremos sus inquietudes de acuerdo con la ley aplicable.<\/p>\n<p><!-- \/divi:paragraph --><\/p>\n<p><!-- divi:paragraph --><\/p>\n<p>Pol\u00edtica de Privacidad generada con CookieS\u00ed.<\/p>\n<p><!-- \/divi:paragraph --><\/p>\n<p><!-- divi:heading --><\/p>\n<h2 class=\"wp-block-heading\"><strong>Finalidad<\/strong><\/h2>\n<p><!-- \/divi:heading --><\/p>\n<p><!-- divi:paragraph --><\/p>\n<p><strong>Tus derechos:<\/strong><br \/>Dependiendo de la legislaci\u00f3n que sea de aplicaci\u00f3n, puede tener derecho a acceder y rectificar o suprimir sus<br \/>datos personales o recibir una copia de sus datos personales, restringir u oponerse a la activa<br \/>procesamiento de sus datos, solicitarnos que compartamos (portemos) su informaci\u00f3n personal a otra entidad,<br \/>retirar cualquier consentimiento que nos haya proporcionado para procesar sus datos, derecho a presentar una queja<br \/>con una autoridad legal y cualquier otro derecho que pueda ser relevante bajo las leyes aplicables. A<br \/>ejercer estos derechos, puede escribirnos a info@emeimemesport.com. vamos a responder a<br \/>su solicitud de acuerdo con la ley aplicable.Tenga en cuenta que si no nos permite recopilar o procesar la informaci\u00f3n personal requerida o<br \/>retirar el consentimiento para tratar los mismos para los fines requeridos, es posible que no pueda<br \/>acceder o utilizar los servicios para los que se solicit\u00f3 su informaci\u00f3n.<\/p>\n<p><!-- \/divi:paragraph --><\/p>\n<p><!-- divi:heading --><\/p>\n<h2 class=\"wp-block-heading\"><strong>Condiciones de Uso<\/strong><\/h2>\n<p><!-- \/divi:heading --><\/p>\n<p><!-- divi:paragraph --><\/p>\n<p>Para obtener m\u00e1s informaci\u00f3n sobre c\u00f3mo usamos estos y sus opciones en relaci\u00f3n con estos seguimientos<br \/>tecnolog\u00edas, consulte nuestra Pol\u00edtica de cookies.<\/p>\n<p><!-- \/divi:paragraph --><\/p>\n<p><!-- divi:paragraph --><\/p>\n<p><strong>Seguridad:<\/strong><br \/>La seguridad de su informaci\u00f3n es importante para nosotros y utilizaremos medidas de seguridad razonables.<br \/>medidas para evitar la p\u00e9rdida, mal uso o alteraci\u00f3n no autorizada de su informaci\u00f3n bajo nuestro<br \/>control. Sin embargo, dados los riesgos inherentes, no podemos garantizar la seguridad absoluta y<br \/>en consecuencia, no podemos garantizar ni garantizar la seguridad de la informaci\u00f3n que nos transmita<br \/>y lo haces bajo tu propio riesgo.<\/p>\n<p><!-- \/divi:paragraph --><\/p>\n<p><!-- divi:paragraph --><\/p>\n<p><strong>Responsable de Quejas\/Protecci\u00f3n de Datos:<\/strong><br \/>Si tiene alguna consulta o inquietud sobre el procesamiento de su informaci\u00f3n que est\u00e1 disponible<br \/>con nosotros, puede enviar un correo electr\u00f3nico a nuestro oficial de quejas en<strong> <\/strong>EME I EME SPORT, Doctor Truela 179, 2o 6a<br \/>08005 Barcelona, ES<strong>, email:<\/strong> info@emeimemesport.com Abordaremos sus inquietudes de acuerdo con la ley aplicable.<\/p>\n<p><!-- \/divi:paragraph --><\/p>\n<p><!-- divi:paragraph --><\/p>\n<p>Pol\u00edtica de Privacidad generada con CookieS\u00ed.<\/p>\n<p><!-- \/divi:paragraph -->[\/et_pb_text][\/et_pb_column][\/et_pb_row][\/et_pb_section]<\/p>\n","protected":false},"excerpt":{"rendered":"<p>Identificaci\u00f3n&nbsp;y Titularidad Para obtener m\u00e1s informaci\u00f3n sobre c\u00f3mo usamos estos y sus opciones en relaci\u00f3n con estos seguimientostecnolog\u00edas, consulte nuestra Pol\u00edtica de cookies. Seguridad:La seguridad de su informaci\u00f3n es importante para nosotros y utilizaremos medidas de seguridad razonables.medidas para evitar la p\u00e9rdida, mal uso o alteraci\u00f3n no autorizada de su informaci\u00f3n bajo nuestrocontrol. Sin embargo, [&hellip;]<\/p>\n","protected":false},"author":2,"featured_media":0,"parent":0,"menu_order":0,"comment_status":"closed","ping_status":"closed","template":"","meta":{"_et_pb_use_builder":"on","_et_pb_old_content":"<!-- wp:heading -->\n<h2 class=\"wp-block-heading\">Identificaci\u00f3n<strong>&nbsp;y Titularidad<\/strong><\/h2>\n<!-- \/wp:heading -->\n\n<!-- wp:paragraph -->\n<p>Para obtener m\u00e1s informaci\u00f3n sobre c\u00f3mo usamos estos y sus opciones en relaci\u00f3n con estos seguimientos<br>tecnolog\u00edas, consulte nuestra Pol\u00edtica de cookies.<\/p>\n<!-- \/wp:paragraph -->\n\n<!-- wp:paragraph -->\n<p><strong>Seguridad:<\/strong><br>La seguridad de su informaci\u00f3n es importante para nosotros y utilizaremos medidas de seguridad razonables.<br>medidas para evitar la p\u00e9rdida, mal uso o alteraci\u00f3n no autorizada de su informaci\u00f3n bajo nuestro<br>control. Sin embargo, dados los riesgos inherentes, no podemos garantizar la seguridad absoluta y<br>en consecuencia, no podemos garantizar ni garantizar la seguridad de la informaci\u00f3n que nos transmita<br>y lo haces bajo tu propio riesgo.<\/p>\n<!-- \/wp:paragraph -->\n\n<!-- wp:paragraph -->\n<p><strong>Responsable de Quejas\/Protecci\u00f3n de Datos:<\/strong><br>Si tiene alguna consulta o inquietud sobre el procesamiento de su informaci\u00f3n que est\u00e1 disponible<br>con nosotros, puede enviar un correo electr\u00f3nico a nuestro oficial de quejas en  EME I EME SPORT, Doctor Truela 179, 2o 6a<br>08005 Barcelona, ES email: info@emeimemesport.com. Abordaremos sus inquietudes de acuerdo con la ley aplicable.<\/p>\n<!-- \/wp:paragraph -->\n\n<!-- wp:paragraph -->\n<p>Pol\u00edtica de Privacidad generada con CookieS\u00ed.<\/p>\n<!-- \/wp:paragraph -->\n\n<!-- wp:heading -->\n<h2 class=\"wp-block-heading\"><strong>Finalidad<\/strong><\/h2>\n<!-- \/wp:heading -->\n\n<!-- wp:paragraph -->\n<p><strong>Tus derechos:<\/strong><br>Dependiendo de la legislaci\u00f3n que sea de aplicaci\u00f3n, puede tener derecho a acceder y rectificar o suprimir sus<br>datos personales o recibir una copia de sus datos personales, restringir u oponerse a la activa<br>procesamiento de sus datos, solicitarnos que compartamos (portemos) su informaci\u00f3n personal a otra entidad,<br>retirar cualquier consentimiento que nos haya proporcionado para procesar sus datos, derecho a presentar una queja<br>con una autoridad legal y cualquier otro derecho que pueda ser relevante bajo las leyes aplicables. A<br>ejercer estos derechos, puede escribirnos a info@emeimemesport.com. vamos a responder a<br>su solicitud de acuerdo con la ley aplicable.Tenga en cuenta que si no nos permite recopilar o procesar la informaci\u00f3n personal requerida o<br>retirar el consentimiento para tratar los mismos para los fines requeridos, es posible que no pueda<br>acceder o utilizar los servicios para los que se solicit\u00f3 su informaci\u00f3n.<\/p>\n<!-- \/wp:paragraph -->\n\n<!-- wp:heading -->\n<h2 class=\"wp-block-heading\"><strong>Condiciones de Uso<\/strong><\/h2>\n<!-- \/wp:heading -->\n\n<!-- wp:paragraph -->\n<p>Para obtener m\u00e1s informaci\u00f3n sobre c\u00f3mo usamos estos y sus opciones en relaci\u00f3n con estos seguimientos<br>tecnolog\u00edas, consulte nuestra Pol\u00edtica de cookies.<\/p>\n<!-- \/wp:paragraph -->\n\n<!-- wp:paragraph -->\n<p><strong>Seguridad:<\/strong><br>La seguridad de su informaci\u00f3n es importante para nosotros y utilizaremos medidas de seguridad razonables.<br>medidas para evitar la p\u00e9rdida, mal uso o alteraci\u00f3n no autorizada de su informaci\u00f3n bajo nuestro<br>control. Sin embargo, dados los riesgos inherentes, no podemos garantizar la seguridad absoluta y<br>en consecuencia, no podemos garantizar ni garantizar la seguridad de la informaci\u00f3n que nos transmita<br>y lo haces bajo tu propio riesgo.<\/p>\n<!-- \/wp:paragraph -->\n\n<!-- wp:paragraph -->\n<p><strong>Responsable de Quejas\/Protecci\u00f3n de Datos:<\/strong><br>Si tiene alguna consulta o inquietud sobre el procesamiento de su informaci\u00f3n que est\u00e1 disponible<br>con nosotros, puede enviar un correo electr\u00f3nico a nuestro oficial de quejas en<strong> <\/strong>EME I EME SPORT, Doctor Truela 179, 2o 6a<br>08005 Barcelona, ES<strong>, email:<\/strong> info@emeimemesport.com Abordaremos sus inquietudes de acuerdo con la ley aplicable.<\/p>\n<!-- \/wp:paragraph -->\n\n<!-- wp:paragraph -->\n<p>Pol\u00edtica de Privacidad generada con CookieS\u00ed.<\/p>\n<!-- \/wp:paragraph -->","_et_gb_content_width":"","footnotes":""},"class_list":["post-522","page","type-page","status-publish","hentry"],"yoast_head":"<!-- This site is optimized with the Yoast SEO plugin v27.6 - https:\/\/yoast.com\/product\/yoast-seo-wordpress\/ -->\n<title>AVISO LEGAL - EME I EME SPORT<\/title>\n<meta name=\"robots\" content=\"index, follow, max-snippet:-1, max-image-preview:large, max-video-preview:-1\" \/>\n<link rel=\"canonical\" href=\"https:\/\/emeiemesport.com\/index.php\/aviso-legal\/\" \/>\n<meta property=\"og:locale\" content=\"es_ES\" \/>\n<meta property=\"og:type\" content=\"article\" \/>\n<meta property=\"og:title\" content=\"AVISO LEGAL - EME I EME SPORT\" \/>\n<meta property=\"og:description\" content=\"Identificaci\u00f3n&nbsp;y Titularidad Para obtener m\u00e1s informaci\u00f3n sobre c\u00f3mo usamos estos y sus opciones en relaci\u00f3n con estos seguimientostecnolog\u00edas, consulte nuestra Pol\u00edtica de cookies. Seguridad:La seguridad de su informaci\u00f3n es importante para nosotros y utilizaremos medidas de seguridad razonables.medidas para evitar la p\u00e9rdida, mal uso o alteraci\u00f3n no autorizada de su informaci\u00f3n bajo nuestrocontrol. Sin embargo, [&hellip;]\" \/>\n<meta property=\"og:url\" content=\"https:\/\/emeiemesport.com\/index.php\/aviso-legal\/\" \/>\n<meta property=\"og:site_name\" content=\"EME I EME SPORT\" \/>\n<meta property=\"article:publisher\" content=\"https:\/\/www.facebook.com\/profile.php?id=100063543552164\" \/>\n<meta property=\"article:modified_time\" content=\"2023-05-24T06:36:15+00:00\" \/>\n<meta name=\"twitter:card\" content=\"summary_large_image\" \/>\n<meta name=\"twitter:label1\" content=\"Tiempo de lectura\" \/>\n\t<meta name=\"twitter:data1\" content=\"3 minutos\" \/>\n<script type=\"application\/ld+json\" class=\"yoast-schema-graph\">{\"@context\":\"https:\\\/\\\/schema.org\",\"@graph\":[{\"@type\":\"WebPage\",\"@id\":\"https:\\\/\\\/emeiemesport.com\\\/index.php\\\/aviso-legal\\\/\",\"url\":\"https:\\\/\\\/emeiemesport.com\\\/index.php\\\/aviso-legal\\\/\",\"name\":\"AVISO LEGAL - EME I EME SPORT\",\"isPartOf\":{\"@id\":\"https:\\\/\\\/emeiemesport.com\\\/#website\"},\"datePublished\":\"2023-05-08T07:46:34+00:00\",\"dateModified\":\"2023-05-24T06:36:15+00:00\",\"breadcrumb\":{\"@id\":\"https:\\\/\\\/emeiemesport.com\\\/index.php\\\/aviso-legal\\\/#breadcrumb\"},\"inLanguage\":\"es\",\"potentialAction\":[{\"@type\":\"ReadAction\",\"target\":[\"https:\\\/\\\/emeiemesport.com\\\/index.php\\\/aviso-legal\\\/\"]}]},{\"@type\":\"BreadcrumbList\",\"@id\":\"https:\\\/\\\/emeiemesport.com\\\/index.php\\\/aviso-legal\\\/#breadcrumb\",\"itemListElement\":[{\"@type\":\"ListItem\",\"position\":1,\"name\":\"Portada\",\"item\":\"https:\\\/\\\/emeiemesport.com\\\/\"},{\"@type\":\"ListItem\",\"position\":2,\"name\":\"AVISO LEGAL\"}]},{\"@type\":\"WebSite\",\"@id\":\"https:\\\/\\\/emeiemesport.com\\\/#website\",\"url\":\"https:\\\/\\\/emeiemesport.com\\\/\",\"name\":\"EME I EME SPORT\",\"description\":\"\",\"publisher\":{\"@id\":\"https:\\\/\\\/emeiemesport.com\\\/#organization\"},\"potentialAction\":[{\"@type\":\"SearchAction\",\"target\":{\"@type\":\"EntryPoint\",\"urlTemplate\":\"https:\\\/\\\/emeiemesport.com\\\/?s={search_term_string}\"},\"query-input\":{\"@type\":\"PropertyValueSpecification\",\"valueRequired\":true,\"valueName\":\"search_term_string\"}}],\"inLanguage\":\"es\"},{\"@type\":\"Organization\",\"@id\":\"https:\\\/\\\/emeiemesport.com\\\/#organization\",\"name\":\"EME I EME SPORT\",\"url\":\"https:\\\/\\\/emeiemesport.com\\\/\",\"logo\":{\"@type\":\"ImageObject\",\"inLanguage\":\"es\",\"@id\":\"https:\\\/\\\/emeiemesport.com\\\/#\\\/schema\\\/logo\\\/image\\\/\",\"url\":\"https:\\\/\\\/emeiemesport.com\\\/wp-content\\\/uploads\\\/2023\\\/06\\\/LOGO-EMEIEMESPORT.jpg\",\"contentUrl\":\"https:\\\/\\\/emeiemesport.com\\\/wp-content\\\/uploads\\\/2023\\\/06\\\/LOGO-EMEIEMESPORT.jpg\",\"width\":255,\"height\":87,\"caption\":\"EME I EME SPORT\"},\"image\":{\"@id\":\"https:\\\/\\\/emeiemesport.com\\\/#\\\/schema\\\/logo\\\/image\\\/\"},\"sameAs\":[\"https:\\\/\\\/www.facebook.com\\\/profile.php?id=100063543552164\",\"https:\\\/\\\/www.instagram.com\\\/emeieme.sport\\\/\"]}]}<\/script>\n<!-- \/ Yoast SEO plugin. -->","yoast_head_json":{"title":"AVISO LEGAL - EME I EME SPORT","robots":{"index":"index","follow":"follow","max-snippet":"max-snippet:-1","max-image-preview":"max-image-preview:large","max-video-preview":"max-video-preview:-1"},"canonical":"https:\/\/emeiemesport.com\/index.php\/aviso-legal\/","og_locale":"es_ES","og_type":"article","og_title":"AVISO LEGAL - EME I EME SPORT","og_description":"Identificaci\u00f3n&nbsp;y Titularidad Para obtener m\u00e1s informaci\u00f3n sobre c\u00f3mo usamos estos y sus opciones en relaci\u00f3n con estos seguimientostecnolog\u00edas, consulte nuestra Pol\u00edtica de cookies. Seguridad:La seguridad de su informaci\u00f3n es importante para nosotros y utilizaremos medidas de seguridad razonables.medidas para evitar la p\u00e9rdida, mal uso o alteraci\u00f3n no autorizada de su informaci\u00f3n bajo nuestrocontrol. Sin embargo, [&hellip;]","og_url":"https:\/\/emeiemesport.com\/index.php\/aviso-legal\/","og_site_name":"EME I EME SPORT","article_publisher":"https:\/\/www.facebook.com\/profile.php?id=100063543552164","article_modified_time":"2023-05-24T06:36:15+00:00","twitter_card":"summary_large_image","twitter_misc":{"Tiempo de lectura":"3 minutos"},"schema":{"@context":"https:\/\/schema.org","@graph":[{"@type":"WebPage","@id":"https:\/\/emeiemesport.com\/index.php\/aviso-legal\/","url":"https:\/\/emeiemesport.com\/index.php\/aviso-legal\/","name":"AVISO LEGAL - EME I EME SPORT","isPartOf":{"@id":"https:\/\/emeiemesport.com\/#website"},"datePublished":"2023-05-08T07:46:34+00:00","dateModified":"2023-05-24T06:36:15+00:00","breadcrumb":{"@id":"https:\/\/emeiemesport.com\/index.php\/aviso-legal\/#breadcrumb"},"inLanguage":"es","potentialAction":[{"@type":"ReadAction","target":["https:\/\/emeiemesport.com\/index.php\/aviso-legal\/"]}]},{"@type":"BreadcrumbList","@id":"https:\/\/emeiemesport.com\/index.php\/aviso-legal\/#breadcrumb","itemListElement":[{"@type":"ListItem","position":1,"name":"Portada","item":"https:\/\/emeiemesport.com\/"},{"@type":"ListItem","position":2,"name":"AVISO LEGAL"}]},{"@type":"WebSite","@id":"https:\/\/emeiemesport.com\/#website","url":"https:\/\/emeiemesport.com\/","name":"EME I EME SPORT","description":"","publisher":{"@id":"https:\/\/emeiemesport.com\/#organization"},"potentialAction":[{"@type":"SearchAction","target":{"@type":"EntryPoint","urlTemplate":"https:\/\/emeiemesport.com\/?s={search_term_string}"},"query-input":{"@type":"PropertyValueSpecification","valueRequired":true,"valueName":"search_term_string"}}],"inLanguage":"es"},{"@type":"Organization","@id":"https:\/\/emeiemesport.com\/#organization","name":"EME I EME SPORT","url":"https:\/\/emeiemesport.com\/","logo":{"@type":"ImageObject","inLanguage":"es","@id":"https:\/\/emeiemesport.com\/#\/schema\/logo\/image\/","url":"https:\/\/emeiemesport.com\/wp-content\/uploads\/2023\/06\/LOGO-EMEIEMESPORT.jpg","contentUrl":"https:\/\/emeiemesport.com\/wp-content\/uploads\/2023\/06\/LOGO-EMEIEMESPORT.jpg","width":255,"height":87,"caption":"EME I EME SPORT"},"image":{"@id":"https:\/\/emeiemesport.com\/#\/schema\/logo\/image\/"},"sameAs":["https:\/\/www.facebook.com\/profile.php?id=100063543552164","https:\/\/www.instagram.com\/emeieme.sport\/"]}]}},"_links":{"self":[{"href":"https:\/\/emeiemesport.com\/index.php\/wp-json\/wp\/v2\/pages\/522","targetHints":{"allow":["GET"]}}],"collection":[{"href":"https:\/\/emeiemesport.com\/index.php\/wp-json\/wp\/v2\/pages"}],"about":[{"href":"https:\/\/emeiemesport.com\/index.php\/wp-json\/wp\/v2\/types\/page"}],"author":[{"embeddable":true,"href":"https:\/\/emeiemesport.com\/index.php\/wp-json\/wp\/v2\/users\/2"}],"replies":[{"embeddable":true,"href":"https:\/\/emeiemesport.com\/index.php\/wp-json\/wp\/v2\/comments?post=522"}],"version-history":[{"count":4,"href":"https:\/\/emeiemesport.com\/index.php\/wp-json\/wp\/v2\/pages\/522\/revisions"}],"predecessor-version":[{"id":896,"href":"https:\/\/emeiemesport.com\/index.php\/wp-json\/wp\/v2\/pages\/522\/revisions\/896"}],"wp:attachment":[{"href":"https:\/\/emeiemesport.com\/index.php\/wp-json\/wp\/v2\/media?parent=522"}],"curies":[{"name":"wp","href":"https:\/\/api.w.org\/{rel}","templated":true}]}}