{"id":547,"date":"2023-05-11T08:30:04","date_gmt":"2023-05-11T08:30:04","guid":{"rendered":"https:\/\/romantic-swirles.82-223-24-58.plesk.page\/?page_id=547"},"modified":"2023-09-04T11:45:46","modified_gmt":"2023-09-04T11:45:46","slug":"servicios","status":"publish","type":"page","link":"https:\/\/emeiemesport.com\/index.php\/servicios\/","title":{"rendered":"SERVICIOS"},"content":{"rendered":"\n[et_pb_section fb_built=\u00bb1&#8243; admin_label=\u00bbHero\u00bb _builder_version=\u00bb4.21.0&#8243; background_color=\u00bb#FFFFFF\u00bb use_background_color_gradient=\u00bboff\u00bb background_image=\u00bbhttps:\/\/emeiemesport.com\/wp-content\/uploads\/2023\/06\/Depositphotos_58467247_original-1-scaled.jpg\u00bb parallax=\u00bbon\u00bb custom_margin=\u00bb|||\u00bb custom_padding=\u00bb180px||0px|\u00bb bottom_divider_style=\u00bbslant\u00bb bottom_divider_color=\u00bb#ffffff\u00bb bottom_divider_flip=\u00bbhorizontal\u00bb animation_style=\u00bbslide\u00bb animation_direction=\u00bbtop\u00bb animation_intensity_slide=\u00bb5%\u00bb animation_starting_opacity=\u00bb100%\u00bb hover_enabled=\u00bb0&#8243; global_colors_info=\u00bb{}\u00bb title_text=\u00bbDepositphotos_58467247_original (1)\u00bb sticky_enabled=\u00bb0&#8243;][et_pb_row column_structure=\u00bb3_4,1_4&#8243; _builder_version=\u00bb4.16&#8243; background_size=\u00bbinitial\u00bb background_position=\u00bbtop_left\u00bb background_repeat=\u00bbrepeat\u00bb custom_padding=\u00bb27px|0px|0px|0px\u00bb global_colors_info=\u00bb{}\u00bb][et_pb_column type=\u00bb3_4&#8243; _builder_version=\u00bb4.16&#8243; custom_padding=\u00bb|||\u00bb global_colors_info=\u00bb{}\u00bb custom_padding__hover=\u00bb|||\u00bb][et_pb_text admin_label=\u00bbTitle\u00bb _builder_version=\u00bb4.20.4&#8243; text_font=\u00bb||||||||\u00bb header_font=\u00bb|600|||||||\u00bb header_font_size=\u00bb80px\u00bb header_line_height=\u00bb1.2em\u00bb background_layout=\u00bbdark\u00bb animation_style=\u00bbzoom\u00bb animation_direction=\u00bbleft\u00bb animation_intensity_zoom=\u00bb10%\u00bb header_font_size_tablet=\u00bb\u00bb header_font_size_phone=\u00bb72px\u00bb header_font_size_last_edited=\u00bbon|phone\u00bb header_text_shadow_style=\u00bbpreset1&#8243; global_colors_info=\u00bb{}\u00bb]<h1>Servicios<\/h1>[\/et_pb_text][\/et_pb_column][et_pb_column type=\u00bb1_4&#8243; _builder_version=\u00bb4.16&#8243; custom_padding=\u00bb|||\u00bb global_colors_info=\u00bb{}\u00bb custom_padding__hover=\u00bb|||\u00bb][\/et_pb_column][\/et_pb_row][\/et_pb_section][et_pb_section fb_built=\u00bb1&#8243; admin_label=\u00bbAbout\u00bb _builder_version=\u00bb4.20.4&#8243; background_color=\u00bb#FFFFFF\u00bb use_background_color_gradient=\u00bboff\u00bb background_image=\u00bbhttps:\/\/romantic-swirles.82-223-24-58.plesk.page\/wp-content\/uploads\/2023\/05\/fondo-para.jpg\u00bb parallax=\u00bbon\u00bb custom_padding=\u00bb0px||90px|||\u00bb global_colors_info=\u00bb{}\u00bb][et_pb_row _builder_version=\u00bb4.16&#8243; custom_margin=\u00bb|||\u00bb custom_padding=\u00bb|||\u00bb global_colors_info=\u00bb{}\u00bb][et_pb_column type=\u00bb4_4&#8243; _builder_version=\u00bb4.16&#8243; custom_padding=\u00bb|||\u00bb global_colors_info=\u00bb{}\u00bb custom_padding__hover=\u00bb|||\u00bb][et_pb_text admin_label=\u00bbTitle\u00bb _builder_version=\u00bb4.20.4&#8243; text_font=\u00bb||||||||\u00bb text_text_color=\u00bb#727272&#8243; text_font_size=\u00bb20px\u00bb text_line_height=\u00bb1.8em\u00bb header_font=\u00bb||||||||\u00bb header_2_font=\u00bbMontserrat|500|||||||\u00bb header_2_text_align=\u00bbcenter\u00bb header_2_font_size=\u00bb30px\u00bb header_2_line_height=\u00bb1.4em\u00bb text_orientation=\u00bbcenter\u00bb max_width=\u00bb700px\u00bb module_alignment=\u00bbcenter\u00bb animation_style=\u00bbfade\u00bb animation_direction=\u00bbright\u00bb text_text_shadow_style=\u00bbpreset3&#8243; text_text_shadow_horizontal_length=\u00bb-0.15em\u00bb text_text_shadow_vertical_length=\u00bb0.07em\u00bb text_text_shadow_blur_strength=\u00bb0.14em\u00bb text_text_shadow_color=\u00bbrgba(0,0,0,0.26)\u00bb header_text_shadow_style=\u00bbpreset3&#8243; global_colors_info=\u00bb{}\u00bb]<h2>Informaci\u00f3n General<\/h2>\n<p><span class=\"wixui-rich-text__text\">Nuestros servicios tienen un enfoque global, desde la localizaci\u00f3n, mediaci\u00f3n, representaci\u00f3n y soporte en la gesti\u00f3n del cambio para jugadores, entrenadores y clubes.\u00a0<\/span><\/p>[\/et_pb_text][\/et_pb_column][\/et_pb_row][et_pb_row column_structure=\u00bb2_3,1_3&#8243; _builder_version=\u00bb4.16&#8243; custom_padding=\u00bb60px|0px|60px|0px\u00bb global_colors_info=\u00bb{}\u00bb][et_pb_column type=\u00bb2_3&#8243; _builder_version=\u00bb4.16&#8243; custom_padding=\u00bb|||\u00bb global_colors_info=\u00bb{}\u00bb custom_padding__hover=\u00bb|||\u00bb][et_pb_text _builder_version=\u00bb4.20.4&#8243; text_font=\u00bb||||||||\u00bb text_text_color=\u00bb#3a3a3a\u00bb text_font_size=\u00bb16px\u00bb text_line_height=\u00bb1.8em\u00bb animation_style=\u00bbslide\u00bb animation_direction=\u00bbright\u00bb animation_intensity_slide=\u00bb5%\u00bb animation_starting_opacity=\u00bb100%\u00bb text_text_shadow_style=\u00bbpreset3&#8243; locked=\u00bboff\u00bb global_colors_info=\u00bb{}\u00bb]<p class=\"font_7 wixui-rich-text__text\"><span class=\"wixui-rich-text__text\">Nuestro<\/span><span class=\"wixui-rich-text__text\"> objetivo es atender todas las necesidades de nuestros jugadores, incluyendo las necesidades personales como el soporte en la ubicaci\u00f3n en un nuevo pa\u00eds, servicios de coaching personal, acomodaci\u00f3n familiar, carrera y planes de formaci\u00f3n adicional y\/o complementaria al de la carrera deportiva, etc.<\/span><\/p>\n<p class=\"font_7 wixui-rich-text__text\"><span class=\"wixui-rich-text__text\">Los servicios de\u00a0<\/span><span class=\"wixui-rich-text__text\"><a href=\"https:\/\/www.emeiemesport.com\/\" target=\"_self\" class=\"wixui-rich-text__text\" rel=\"noopener\">emeIeme sport\u00a0<\/a><\/span><span class=\"wixui-rich-text__text\">\u00a0incluyen:<\/span><\/p>\n<ul class=\"font_7 wixui-rich-text__text\">\n<li class=\"wixui-rich-text__text\">\n<p class=\"font_7 wixui-rich-text__text\"><span class=\"wixui-rich-text__text\">Identificaci\u00f3n de mercados potenciales.<\/span><\/p>\n<\/li>\n<li class=\"wixui-rich-text__text\">\n<p class=\"font_7 wixui-rich-text__text\"><span class=\"wixui-rich-text__text\">B\u00fasqueda activa de jugadores y entrenadores para clubes.<\/span><\/p>\n<\/li>\n<li class=\"wixui-rich-text__text\">\n<p class=\"font_7 wixui-rich-text__text\"><span class=\"wixui-rich-text__text\">B\u00fasqueda activa de clubes para jugadores y entrenadores.<\/span><\/p>\n<\/li>\n<li class=\"wixui-rich-text__text\">\n<p class=\"font_7 wixui-rich-text__text\"><span class=\"wixui-rich-text__text\">Asesoramiento legal, financiero e impositivo.<\/span><\/p>\n<\/li>\n<li class=\"wixui-rich-text__text\">\n<p class=\"font_7 wixui-rich-text__text\"><span class=\"wixui-rich-text__text\">Coaching deportivo, gesti\u00f3n del estr\u00e9s i desarrollo emocional.<\/span><\/p>\n<\/li>\n<li class=\"wixui-rich-text__text\">\n<p class=\"font_7 wixui-rich-text__text\"><span class=\"wixui-rich-text__text\">Asesoramiento en la comunicaci\u00f3n personal.<\/span><\/p>\n<\/li>\n<li class=\"wixui-rich-text__text\">\n<p class=\"font_7 wixui-rich-text__text\"><span class=\"wixui-rich-text__text\">Consultor\u00eda nutricional para deportistas de \u00e9lite.<\/span><\/p>\n<\/li>\n<li class=\"wixui-rich-text__text\">\n<p class=\"font_7 wixui-rich-text__text\"><span class=\"wixui-rich-text__text\">B\u00fasqueda de vivienda , escolarizaci\u00f3n de los hijos,\u00a0\u00a0situaci\u00f3n legal en el extranjero, etc.<\/span><\/p>\n<\/li>\n<\/ul>[\/et_pb_text][\/et_pb_column][et_pb_column type=\u00bb1_3&#8243; _builder_version=\u00bb4.16&#8243; custom_padding=\u00bb|||\u00bb global_colors_info=\u00bb{}\u00bb custom_padding__hover=\u00bb|||\u00bb][et_pb_image src=\u00bbhttps:\/\/emeiemesport.com\/wp-content\/uploads\/2023\/06\/emeiemesport-imagen-1.jpg\u00bb title_text=\u00bbSoccer into goal success concept\u00bb _builder_version=\u00bb4.21.0&#8243; _module_preset=\u00bbdefault\u00bb hover_enabled=\u00bb0&#8243; box_shadow_style=\u00bbpreset1&#8243; box_shadow_vertical=\u00bb15px\u00bb box_shadow_blur=\u00bb33px\u00bb global_colors_info=\u00bb{}\u00bb sticky_enabled=\u00bb0&#8243;][\/et_pb_image][\/et_pb_column][\/et_pb_row][\/et_pb_section]\n","protected":false},"excerpt":{"rendered":"<p>ServiciosInformaci\u00f3n General Nuestros servicios tienen un enfoque global, desde la localizaci\u00f3n, mediaci\u00f3n, representaci\u00f3n y soporte en la gesti\u00f3n del cambio para jugadores, entrenadores y clubes.\u00a0Nuestro objetivo es atender todas las necesidades de nuestros jugadores, incluyendo las necesidades personales como el soporte en la ubicaci\u00f3n en un nuevo pa\u00eds, servicios de coaching personal, acomodaci\u00f3n familiar, carrera [&hellip;]<\/p>\n","protected":false},"author":2,"featured_media":0,"parent":0,"menu_order":0,"comment_status":"closed","ping_status":"closed","template":"","meta":{"_et_pb_use_builder":"on","_et_pb_old_content":"","_et_gb_content_width":"","footnotes":""},"class_list":["post-547","page","type-page","status-publish","hentry"],"yoast_head":"<!-- This site is optimized with the Yoast SEO plugin v27.5 - https:\/\/yoast.com\/product\/yoast-seo-wordpress\/ -->\n<title>SERVICIOS - EME I EME SPORT<\/title>\n<meta name=\"description\" content=\"Expertos en el mercado profesional de la compra y venta de jugadores, especialistas en el mercado espa\u00f1ol e internacional.\" \/>\n<meta name=\"robots\" content=\"index, follow, max-snippet:-1, max-image-preview:large, max-video-preview:-1\" \/>\n<link rel=\"canonical\" href=\"https:\/\/emeiemesport.com\/index.php\/servicios\/\" \/>\n<meta property=\"og:locale\" content=\"es_ES\" \/>\n<meta property=\"og:type\" content=\"article\" \/>\n<meta property=\"og:title\" content=\"SERVICIOS - EME I EME SPORT\" \/>\n<meta property=\"og:description\" content=\"Expertos en el mercado profesional de la compra y venta de jugadores, especialistas en el mercado espa\u00f1ol e internacional.\" \/>\n<meta property=\"og:url\" content=\"https:\/\/emeiemesport.com\/index.php\/servicios\/\" \/>\n<meta property=\"og:site_name\" content=\"EME I EME SPORT\" \/>\n<meta property=\"article:publisher\" content=\"https:\/\/www.facebook.com\/profile.php?id=100063543552164\" \/>\n<meta property=\"article:modified_time\" content=\"2023-09-04T11:45:46+00:00\" \/>\n<meta name=\"twitter:card\" content=\"summary_large_image\" \/>\n<meta name=\"twitter:label1\" content=\"Tiempo de lectura\" \/>\n\t<meta name=\"twitter:data1\" content=\"2 minutos\" \/>\n<script type=\"application\/ld+json\" class=\"yoast-schema-graph\">{\"@context\":\"https:\\\/\\\/schema.org\",\"@graph\":[{\"@type\":\"WebPage\",\"@id\":\"https:\\\/\\\/emeiemesport.com\\\/index.php\\\/servicios\\\/\",\"url\":\"https:\\\/\\\/emeiemesport.com\\\/index.php\\\/servicios\\\/\",\"name\":\"SERVICIOS - EME I EME SPORT\",\"isPartOf\":{\"@id\":\"https:\\\/\\\/emeiemesport.com\\\/#website\"},\"datePublished\":\"2023-05-11T08:30:04+00:00\",\"dateModified\":\"2023-09-04T11:45:46+00:00\",\"description\":\"Expertos en el mercado profesional de la compra y venta de jugadores, especialistas en el mercado espa\u00f1ol e internacional.\",\"breadcrumb\":{\"@id\":\"https:\\\/\\\/emeiemesport.com\\\/index.php\\\/servicios\\\/#breadcrumb\"},\"inLanguage\":\"es\",\"potentialAction\":[{\"@type\":\"ReadAction\",\"target\":[\"https:\\\/\\\/emeiemesport.com\\\/index.php\\\/servicios\\\/\"]}]},{\"@type\":\"BreadcrumbList\",\"@id\":\"https:\\\/\\\/emeiemesport.com\\\/index.php\\\/servicios\\\/#breadcrumb\",\"itemListElement\":[{\"@type\":\"ListItem\",\"position\":1,\"name\":\"Portada\",\"item\":\"https:\\\/\\\/emeiemesport.com\\\/\"},{\"@type\":\"ListItem\",\"position\":2,\"name\":\"SERVICIOS\"}]},{\"@type\":\"WebSite\",\"@id\":\"https:\\\/\\\/emeiemesport.com\\\/#website\",\"url\":\"https:\\\/\\\/emeiemesport.com\\\/\",\"name\":\"EME I EME SPORT\",\"description\":\"\",\"publisher\":{\"@id\":\"https:\\\/\\\/emeiemesport.com\\\/#organization\"},\"potentialAction\":[{\"@type\":\"SearchAction\",\"target\":{\"@type\":\"EntryPoint\",\"urlTemplate\":\"https:\\\/\\\/emeiemesport.com\\\/?s={search_term_string}\"},\"query-input\":{\"@type\":\"PropertyValueSpecification\",\"valueRequired\":true,\"valueName\":\"search_term_string\"}}],\"inLanguage\":\"es\"},{\"@type\":\"Organization\",\"@id\":\"https:\\\/\\\/emeiemesport.com\\\/#organization\",\"name\":\"EME I EME SPORT\",\"url\":\"https:\\\/\\\/emeiemesport.com\\\/\",\"logo\":{\"@type\":\"ImageObject\",\"inLanguage\":\"es\",\"@id\":\"https:\\\/\\\/emeiemesport.com\\\/#\\\/schema\\\/logo\\\/image\\\/\",\"url\":\"https:\\\/\\\/emeiemesport.com\\\/wp-content\\\/uploads\\\/2023\\\/06\\\/LOGO-EMEIEMESPORT.jpg\",\"contentUrl\":\"https:\\\/\\\/emeiemesport.com\\\/wp-content\\\/uploads\\\/2023\\\/06\\\/LOGO-EMEIEMESPORT.jpg\",\"width\":255,\"height\":87,\"caption\":\"EME I EME SPORT\"},\"image\":{\"@id\":\"https:\\\/\\\/emeiemesport.com\\\/#\\\/schema\\\/logo\\\/image\\\/\"},\"sameAs\":[\"https:\\\/\\\/www.facebook.com\\\/profile.php?id=100063543552164\",\"https:\\\/\\\/www.instagram.com\\\/emeieme.sport\\\/\"]}]}<\/script>\n<!-- \/ Yoast SEO plugin. -->","yoast_head_json":{"title":"SERVICIOS - EME I EME SPORT","description":"Expertos en el mercado profesional de la compra y venta de jugadores, especialistas en el mercado espa\u00f1ol e internacional.","robots":{"index":"index","follow":"follow","max-snippet":"max-snippet:-1","max-image-preview":"max-image-preview:large","max-video-preview":"max-video-preview:-1"},"canonical":"https:\/\/emeiemesport.com\/index.php\/servicios\/","og_locale":"es_ES","og_type":"article","og_title":"SERVICIOS - EME I EME SPORT","og_description":"Expertos en el mercado profesional de la compra y venta de jugadores, especialistas en el mercado espa\u00f1ol e internacional.","og_url":"https:\/\/emeiemesport.com\/index.php\/servicios\/","og_site_name":"EME I EME SPORT","article_publisher":"https:\/\/www.facebook.com\/profile.php?id=100063543552164","article_modified_time":"2023-09-04T11:45:46+00:00","twitter_card":"summary_large_image","twitter_misc":{"Tiempo de lectura":"2 minutos"},"schema":{"@context":"https:\/\/schema.org","@graph":[{"@type":"WebPage","@id":"https:\/\/emeiemesport.com\/index.php\/servicios\/","url":"https:\/\/emeiemesport.com\/index.php\/servicios\/","name":"SERVICIOS - EME I EME SPORT","isPartOf":{"@id":"https:\/\/emeiemesport.com\/#website"},"datePublished":"2023-05-11T08:30:04+00:00","dateModified":"2023-09-04T11:45:46+00:00","description":"Expertos en el mercado profesional de la compra y venta de jugadores, especialistas en el mercado espa\u00f1ol e internacional.","breadcrumb":{"@id":"https:\/\/emeiemesport.com\/index.php\/servicios\/#breadcrumb"},"inLanguage":"es","potentialAction":[{"@type":"ReadAction","target":["https:\/\/emeiemesport.com\/index.php\/servicios\/"]}]},{"@type":"BreadcrumbList","@id":"https:\/\/emeiemesport.com\/index.php\/servicios\/#breadcrumb","itemListElement":[{"@type":"ListItem","position":1,"name":"Portada","item":"https:\/\/emeiemesport.com\/"},{"@type":"ListItem","position":2,"name":"SERVICIOS"}]},{"@type":"WebSite","@id":"https:\/\/emeiemesport.com\/#website","url":"https:\/\/emeiemesport.com\/","name":"EME I EME SPORT","description":"","publisher":{"@id":"https:\/\/emeiemesport.com\/#organization"},"potentialAction":[{"@type":"SearchAction","target":{"@type":"EntryPoint","urlTemplate":"https:\/\/emeiemesport.com\/?s={search_term_string}"},"query-input":{"@type":"PropertyValueSpecification","valueRequired":true,"valueName":"search_term_string"}}],"inLanguage":"es"},{"@type":"Organization","@id":"https:\/\/emeiemesport.com\/#organization","name":"EME I EME SPORT","url":"https:\/\/emeiemesport.com\/","logo":{"@type":"ImageObject","inLanguage":"es","@id":"https:\/\/emeiemesport.com\/#\/schema\/logo\/image\/","url":"https:\/\/emeiemesport.com\/wp-content\/uploads\/2023\/06\/LOGO-EMEIEMESPORT.jpg","contentUrl":"https:\/\/emeiemesport.com\/wp-content\/uploads\/2023\/06\/LOGO-EMEIEMESPORT.jpg","width":255,"height":87,"caption":"EME I EME SPORT"},"image":{"@id":"https:\/\/emeiemesport.com\/#\/schema\/logo\/image\/"},"sameAs":["https:\/\/www.facebook.com\/profile.php?id=100063543552164","https:\/\/www.instagram.com\/emeieme.sport\/"]}]}},"_links":{"self":[{"href":"https:\/\/emeiemesport.com\/index.php\/wp-json\/wp\/v2\/pages\/547","targetHints":{"allow":["GET"]}}],"collection":[{"href":"https:\/\/emeiemesport.com\/index.php\/wp-json\/wp\/v2\/pages"}],"about":[{"href":"https:\/\/emeiemesport.com\/index.php\/wp-json\/wp\/v2\/types\/page"}],"author":[{"embeddable":true,"href":"https:\/\/emeiemesport.com\/index.php\/wp-json\/wp\/v2\/users\/2"}],"replies":[{"embeddable":true,"href":"https:\/\/emeiemesport.com\/index.php\/wp-json\/wp\/v2\/comments?post=547"}],"version-history":[{"count":5,"href":"https:\/\/emeiemesport.com\/index.php\/wp-json\/wp\/v2\/pages\/547\/revisions"}],"predecessor-version":[{"id":1169,"href":"https:\/\/emeiemesport.com\/index.php\/wp-json\/wp\/v2\/pages\/547\/revisions\/1169"}],"wp:attachment":[{"href":"https:\/\/emeiemesport.com\/index.php\/wp-json\/wp\/v2\/media?parent=547"}],"curies":[{"name":"wp","href":"https:\/\/api.w.org\/{rel}","templated":true}]}}